{"id":7,"date":"2017-07-30T14:42:54","date_gmt":"2017-07-30T12:42:54","guid":{"rendered":"http:\/\/verygroup.licornpreprod4.fr\/verycare\/?page_id=7"},"modified":"2020-12-17T11:28:31","modified_gmt":"2020-12-17T10:28:31","slug":"verycare","status":"publish","type":"page","link":"https:\/\/verygroup.licornpreprod4.fr\/verycare\/","title":{"rendered":"VERYCARE"},"content":{"rendered":"<h3><strong>VERYCARE by HEREZ accompagne les artistes dans la gestion de leur patrimoine et sa s\u00e9curit\u00e9<\/strong><\/h3>\n<p>Cette th\u00e9matique complexe, souvent mal balis\u00e9e et sous-estim\u00e9e, m\u00e9rite une attention toute particuli\u00e8re afin que l\u2019\u00e9quation patrimoniale en soit optimis\u00e9e.<\/p>\n<p>Quelles sont les r\u00e8gles du jeu fiscal en France, les pr\u00e9cautions \u00e0 prendre, les dangers \u00e0 \u00e9viter, les investissements \u00e0 organiser, les placements \u00e0 s\u00e9lectionner et selon quels objectifs ?<\/p>\n<p>Autant de questions sur lesquelles les attentes sont fortes et pour lesquelles VERYCARE apporte des r\u00e9ponses sur mesure en partenariat avec HEREZ, acteur majeur de la gestion de patrimoine ind\u00e9pendante en France.<\/p>\n<p><em>Pour obtenir plus d&rsquo;informations, contactez-nous :<\/em><\/p>\n\n                <div class='gf_browser_gecko gform_wrapper' id='gform_wrapper_1' ><form method='post' enctype='multipart\/form-data'  id='gform_1'  action='\/verycare\/wp-json\/wp\/v2\/pages\/7'>\n                        <div class='gform_body'><ul id='gform_fields_1' class='gform_fields left_label form_sublabel_below description_below'><li id='field_1_5' class='gfield gfield_contains_required field_sublabel_below field_description_below gfield_visibility_visible' ><label class='gfield_label' for='input_1_5' >Nom<span class='gfield_required'>*<\/span><\/label><div class='ginput_container ginput_container_text'><input name='input_5' id='input_1_5' type='text' value='' class='medium'  tabindex='1'   aria-required=\"true\" aria-invalid=\"false\" \/><\/div><\/li><li id='field_1_6' class='gfield gfield_contains_required field_sublabel_below field_description_below gfield_visibility_visible' ><label class='gfield_label' for='input_1_6' >Pr\u00e9nom<span class='gfield_required'>*<\/span><\/label><div class='ginput_container ginput_container_text'><input name='input_6' id='input_1_6' type='text' value='' class='medium'  tabindex='2'   aria-required=\"true\" aria-invalid=\"false\" \/><\/div><\/li><li id='field_1_7' class='gfield field_sublabel_below field_description_below gfield_visibility_visible' ><label class='gfield_label' for='input_1_7' >Soci\u00e9t\u00e9<\/label><div class='ginput_container ginput_container_text'><input name='input_7' id='input_1_7' type='text' value='' class='medium'  tabindex='3'    aria-invalid=\"false\" \/><\/div><\/li><li id='field_1_8' class='gfield gfield_contains_required field_sublabel_below field_description_below gfield_visibility_visible' ><label class='gfield_label' for='input_1_8' >E-mail<span class='gfield_required'>*<\/span><\/label><div class='ginput_container ginput_container_email'>\n                            <input name='input_8' id='input_1_8' type='text' value='' class='medium' tabindex='4'    aria-required=\"true\" aria-invalid=\"false\"\/>\n                        <\/div><\/li><li id='field_1_11' class='gfield field_sublabel_below field_description_below gfield_visibility_visible' ><label class='gfield_label' for='input_1_11' >Adresse postale<\/label><div class='ginput_container ginput_container_text'><input name='input_11' id='input_1_11' type='text' value='' class='medium'  tabindex='5'    aria-invalid=\"false\" \/><\/div><\/li><li id='field_1_9' class='gfield gfield_contains_required field_sublabel_below field_description_below gfield_visibility_visible' ><label class='gfield_label' for='input_1_9' >Votre message<span class='gfield_required'>*<\/span><\/label><div class='ginput_container ginput_container_textarea'><textarea name='input_9' id='input_1_9' class='textarea medium' tabindex='6'   aria-required=\"true\" aria-invalid=\"false\"   rows='10' cols='50'><\/textarea><\/div><\/li>\n                            <\/ul><\/div>\n        <div class='gform_footer left_label'> <span class=\"submit-span\"><input type='submit' id='gform_submit_button_1' class='gform_button button' value='Envoyer' tabindex='7' onclick='if(window[\"gf_submitting_1\"]){return false;}  window[\"gf_submitting_1\"]=true;  ' onkeypress='if( event.keyCode == 13 ){ if(window[\"gf_submitting_1\"]){return false;} window[\"gf_submitting_1\"]=true;  jQuery(\"#gform_1\").trigger(\"submit\",[true]); }' \/><\/span> \n            <input type='hidden' class='gform_hidden' name='is_submit_1' value='1' \/>\n            <input type='hidden' class='gform_hidden' name='gform_submit' value='1' \/>\n            \n            <input type='hidden' class='gform_hidden' name='gform_unique_id' value='' \/>\n            <input type='hidden' class='gform_hidden' name='state_1' value='WyJbXSIsImRmNmRkNzBiMjI4NTg0ZWNjNmU2YjA4Y2MwZjE1ZWFmIl0=' \/>\n            <input type='hidden' class='gform_hidden' name='gform_target_page_number_1' id='gform_target_page_number_1' value='0' \/>\n            <input type='hidden' class='gform_hidden' name='gform_source_page_number_1' id='gform_source_page_number_1' value='1' \/>\n            <input type='hidden' name='gform_field_values' value='' \/>\n            \n        <\/div>\n                        <\/form>\n                        <\/div><script type='text\/javascript'> jQuery(document).bind('gform_post_render', function(event, formId, currentPage){if(formId == 1) {} } );jQuery(document).bind('gform_post_conditional_logic', function(event, formId, fields, isInit){} );<\/script><script type='text\/javascript'> jQuery(document).ready(function(){jQuery(document).trigger('gform_post_render', [1, 1]) } ); <\/script>\n","protected":false},"excerpt":{"rendered":"<p>VERYCARE by HEREZ accompagne les artistes dans la gestion de leur patrimoine et sa s\u00e9curit\u00e9 Cette th\u00e9matique complexe, souvent mal balis\u00e9e et sous-estim\u00e9e, m\u00e9rite une attention toute particuli\u00e8re afin que l\u2019\u00e9quation patrimoniale en soit optimis\u00e9e. Quelles sont les r\u00e8gles du jeu fiscal en France, les pr\u00e9cautions \u00e0 prendre, les dangers \u00e0 \u00e9viter, les investissements \u00e0 &hellip; <a href=\"https:\/\/verygroup.licornpreprod4.fr\/verycare\/\">Continued<\/a><\/p>\n","protected":false},"author":1,"featured_media":0,"parent":0,"menu_order":0,"comment_status":"closed","ping_status":"closed","template":"","meta":[],"yoast_head":"<!-- This site is optimized with the Yoast SEO plugin v17.4 - https:\/\/yoast.com\/wordpress\/plugins\/seo\/ -->\n<title>Verycare<\/title>\n<meta name=\"description\" content=\"Artists asset management\" \/>\n<meta name=\"robots\" content=\"index, follow, max-snippet:-1, max-image-preview:large, max-video-preview:-1\" \/>\n<link rel=\"canonical\" href=\"https:\/\/verygroup.licornpreprod4.fr\/verycare\/\" \/>\n<meta property=\"og:locale\" content=\"fr_FR\" \/>\n<meta property=\"og:type\" content=\"article\" \/>\n<meta property=\"og:title\" content=\"Verycare\" \/>\n<meta property=\"og:description\" content=\"Artists asset management\" \/>\n<meta property=\"og:url\" content=\"https:\/\/verygroup.licornpreprod4.fr\/verycare\/\" \/>\n<meta property=\"og:site_name\" content=\"Verycare\" \/>\n<meta property=\"article:modified_time\" content=\"2020-12-17T10:28:31+00:00\" \/>\n<meta name=\"twitter:card\" content=\"summary\" \/>\n<meta name=\"twitter:label1\" content=\"Dur\u00e9e de lecture est.\" \/>\n\t<meta name=\"twitter:data1\" content=\"1 minute\" \/>\n<script type=\"application\/ld+json\" class=\"yoast-schema-graph\">{\"@context\":\"https:\/\/schema.org\",\"@graph\":[{\"@type\":\"WebSite\",\"@id\":\"https:\/\/verygroup.licornpreprod4.fr\/verycare\/#website\",\"url\":\"https:\/\/verygroup.licornpreprod4.fr\/verycare\/\",\"name\":\"Verycare\",\"description\":\"Artists asset management\",\"potentialAction\":[{\"@type\":\"SearchAction\",\"target\":{\"@type\":\"EntryPoint\",\"urlTemplate\":\"https:\/\/verygroup.licornpreprod4.fr\/verycare\/?s={search_term_string}\"},\"query-input\":\"required name=search_term_string\"}],\"inLanguage\":\"fr-FR\"},{\"@type\":\"WebPage\",\"@id\":\"https:\/\/verygroup.licornpreprod4.fr\/verycare\/#webpage\",\"url\":\"https:\/\/verygroup.licornpreprod4.fr\/verycare\/\",\"name\":\"Verycare\",\"isPartOf\":{\"@id\":\"https:\/\/verygroup.licornpreprod4.fr\/verycare\/#website\"},\"datePublished\":\"2017-07-30T12:42:54+00:00\",\"dateModified\":\"2020-12-17T10:28:31+00:00\",\"description\":\"Artists asset management\",\"breadcrumb\":{\"@id\":\"https:\/\/verygroup.licornpreprod4.fr\/verycare\/#breadcrumb\"},\"inLanguage\":\"fr-FR\",\"potentialAction\":[{\"@type\":\"ReadAction\",\"target\":[\"https:\/\/verygroup.licornpreprod4.fr\/verycare\/\"]}]},{\"@type\":\"BreadcrumbList\",\"@id\":\"https:\/\/verygroup.licornpreprod4.fr\/verycare\/#breadcrumb\",\"itemListElement\":[{\"@type\":\"ListItem\",\"position\":1,\"name\":\"Accueil\",\"item\":\"https:\/\/verygroup.licornpreprod4.fr\/verycare\/\"},{\"@type\":\"ListItem\",\"position\":2,\"name\":\"VERYCARE\"}]}]}<\/script>\n<!-- \/ Yoast SEO plugin. -->","yoast_head_json":{"title":"Verycare","description":"Artists asset management","robots":{"index":"index","follow":"follow","max-snippet":"max-snippet:-1","max-image-preview":"max-image-preview:large","max-video-preview":"max-video-preview:-1"},"canonical":"https:\/\/verygroup.licornpreprod4.fr\/verycare\/","og_locale":"fr_FR","og_type":"article","og_title":"Verycare","og_description":"Artists asset management","og_url":"https:\/\/verygroup.licornpreprod4.fr\/verycare\/","og_site_name":"Verycare","article_modified_time":"2020-12-17T10:28:31+00:00","twitter_card":"summary","twitter_misc":{"Dur\u00e9e de lecture est.":"1 minute"},"schema":{"@context":"https:\/\/schema.org","@graph":[{"@type":"WebSite","@id":"https:\/\/verygroup.licornpreprod4.fr\/verycare\/#website","url":"https:\/\/verygroup.licornpreprod4.fr\/verycare\/","name":"Verycare","description":"Artists asset management","potentialAction":[{"@type":"SearchAction","target":{"@type":"EntryPoint","urlTemplate":"https:\/\/verygroup.licornpreprod4.fr\/verycare\/?s={search_term_string}"},"query-input":"required name=search_term_string"}],"inLanguage":"fr-FR"},{"@type":"WebPage","@id":"https:\/\/verygroup.licornpreprod4.fr\/verycare\/#webpage","url":"https:\/\/verygroup.licornpreprod4.fr\/verycare\/","name":"Verycare","isPartOf":{"@id":"https:\/\/verygroup.licornpreprod4.fr\/verycare\/#website"},"datePublished":"2017-07-30T12:42:54+00:00","dateModified":"2020-12-17T10:28:31+00:00","description":"Artists asset management","breadcrumb":{"@id":"https:\/\/verygroup.licornpreprod4.fr\/verycare\/#breadcrumb"},"inLanguage":"fr-FR","potentialAction":[{"@type":"ReadAction","target":["https:\/\/verygroup.licornpreprod4.fr\/verycare\/"]}]},{"@type":"BreadcrumbList","@id":"https:\/\/verygroup.licornpreprod4.fr\/verycare\/#breadcrumb","itemListElement":[{"@type":"ListItem","position":1,"name":"Accueil","item":"https:\/\/verygroup.licornpreprod4.fr\/verycare\/"},{"@type":"ListItem","position":2,"name":"VERYCARE"}]}]}},"_links":{"self":[{"href":"https:\/\/verygroup.licornpreprod4.fr\/verycare\/wp-json\/wp\/v2\/pages\/7"}],"collection":[{"href":"https:\/\/verygroup.licornpreprod4.fr\/verycare\/wp-json\/wp\/v2\/pages"}],"about":[{"href":"https:\/\/verygroup.licornpreprod4.fr\/verycare\/wp-json\/wp\/v2\/types\/page"}],"author":[{"embeddable":true,"href":"https:\/\/verygroup.licornpreprod4.fr\/verycare\/wp-json\/wp\/v2\/users\/1"}],"replies":[{"embeddable":true,"href":"https:\/\/verygroup.licornpreprod4.fr\/verycare\/wp-json\/wp\/v2\/comments?post=7"}],"version-history":[{"count":13,"href":"https:\/\/verygroup.licornpreprod4.fr\/verycare\/wp-json\/wp\/v2\/pages\/7\/revisions"}],"predecessor-version":[{"id":39,"href":"https:\/\/verygroup.licornpreprod4.fr\/verycare\/wp-json\/wp\/v2\/pages\/7\/revisions\/39"}],"wp:attachment":[{"href":"https:\/\/verygroup.licornpreprod4.fr\/verycare\/wp-json\/wp\/v2\/media?parent=7"}],"curies":[{"name":"wp","href":"https:\/\/api.w.org\/{rel}","templated":true}]}}