{"id":15,"date":"2017-07-29T16:43:37","date_gmt":"2017-07-29T14:43:37","guid":{"rendered":"http:\/\/verygroup.licornpreprod4.fr\/verypop\/?page_id=15"},"modified":"2017-10-31T15:21:56","modified_gmt":"2017-10-31T14:21:56","slug":"contact","status":"publish","type":"page","link":"https:\/\/verygroup.licornpreprod4.fr\/verypop\/contact\/","title":{"rendered":"Contact"},"content":{"rendered":"<h3><strong>CHASSEUR DE TALENTS EN DEVENIR | ARTIST INCUBATOR<\/strong><\/h3>\n\n                <div class='gf_browser_gecko gform_wrapper' id='gform_wrapper_1' style='display:none'><form method='post' enctype='multipart\/form-data'  id='gform_1'  action='\/verypop\/wp-json\/wp\/v2\/pages\/15'>\n                        <div class='gform_body'><ul id='gform_fields_1' class='gform_fields left_label form_sublabel_below description_below'><li id='field_1_5' class='gfield gfield_contains_required field_sublabel_below field_description_below gfield_visibility_visible' ><label class='gfield_label' for='input_1_5' >Nom<span class='gfield_required'>*<\/span><\/label><div class='ginput_container ginput_container_text'><input name='input_5' id='input_1_5' type='text' value='' class='medium'  tabindex='1'   aria-required=\"true\" aria-invalid=\"false\" \/><\/div><\/li><li id='field_1_6' class='gfield gfield_contains_required field_sublabel_below field_description_below gfield_visibility_visible' ><label class='gfield_label' for='input_1_6' >Pr\u00e9nom<span class='gfield_required'>*<\/span><\/label><div class='ginput_container ginput_container_text'><input name='input_6' id='input_1_6' type='text' value='' class='medium'  tabindex='2'   aria-required=\"true\" aria-invalid=\"false\" \/><\/div><\/li><li id='field_1_7' class='gfield field_sublabel_below field_description_below gfield_visibility_visible' ><label class='gfield_label' for='input_1_7' >Soci\u00e9t\u00e9<\/label><div class='ginput_container ginput_container_text'><input name='input_7' id='input_1_7' type='text' value='' class='medium'  tabindex='3'    aria-invalid=\"false\" \/><\/div><\/li><li id='field_1_8' class='gfield gfield_contains_required field_sublabel_below field_description_below gfield_visibility_visible' ><label class='gfield_label' for='input_1_8' >E-mail<span class='gfield_required'>*<\/span><\/label><div class='ginput_container ginput_container_email'>\n                            <input name='input_8' id='input_1_8' type='text' value='' class='medium' tabindex='4'    aria-required=\"true\" aria-invalid=\"false\"\/>\n                        <\/div><\/li><li id='field_1_4' class='gfield gfield_contains_required field_sublabel_below field_description_below gfield_visibility_visible' ><label class='gfield_label' for='input_1_4' >Motif de la prise de contact<span class='gfield_required'>*<\/span><\/label><div class='ginput_container ginput_container_select'><select name='input_4' id='input_1_4' onchange='gf_apply_rules(1,[13]);' class='medium gfield_select' tabindex='5'  aria-required=\"true\" aria-invalid=\"false\"><option value='' selected='selected' class='gf_placeholder'>Pr\u00e9cisez le motif de votre message<\/option><option value='Professionnel' >Professionnel<\/option><option value='Personnel' >Personnel<\/option><\/select><\/div><\/li><li id='field_1_11' class='gfield field_sublabel_below field_description_below gfield_visibility_visible' ><label class='gfield_label' for='input_1_11' >Adresse postale<\/label><div class='ginput_container ginput_container_text'><input name='input_11' id='input_1_11' type='text' value='' class='medium'  tabindex='6'    aria-invalid=\"false\" \/><\/div><\/li><li id='field_1_2' class='gfield field_sublabel_below field_description_below gfield_visibility_visible' ><div class=\"ginput_container ginput_container_repeater\"><input name='input_2' id='input_1_2' type='hidden' class='gform_repeater' value='{\"formId\":1,\"start\":\"1\",\"min\":\"1\",\"max\":\"4\",\"children\":{\"12\":[]}}' tabindex='7' \/><\/div><\/li><li id='field_1_12' class='gfield field_sublabel_below field_description_below gfield_visibility_visible' ><label class='gfield_label' for='input_1_12' >Styles musicaux<\/label><div class='ginput_container ginput_container_select'><select name='input_12' id='input_1_12'  class='medium gfield_select' tabindex='8'   aria-invalid=\"false\"><option value='' selected='selected' class='gf_placeholder'>S\u00e9lectionnez un ou plusieurs styles<\/option><option value='Bluegrass' >Bluegrass<\/option><option value='Blues \/ Guitare' >Blues \/ Guitare<\/option><option value='Blues-Rock' >Blues-Rock<\/option><option value='Chanson fran\u00e7aise' >Chanson fran\u00e7aise<\/option><option value='Classic Rock' >Classic Rock<\/option><option value='Electro' >Electro<\/option><option value='Folk' >Folk<\/option><option value='Geek' >Geek<\/option><option value='Glam Rock' >Glam Rock<\/option><option value='Hard-Rock' >Hard-Rock<\/option><option value='Ind\u00e9' >Ind\u00e9<\/option><option value='Japonais' >Japonais<\/option><option value='KPOP' >KPOP<\/option><option value='Latino' >Latino<\/option><option value='Metal' >Metal<\/option><option value='Metal Progressif' >Metal Progressif<\/option><option value='Metal Symphonique' >Metal Symphonique<\/option><option value='New Wave' >New Wave<\/option><option value='Pop' >Pop<\/option><option value='Pop-Rock' >Pop-Rock<\/option><option value='Punk' >Punk<\/option><option value='Reggae' >Reggae<\/option><option value='Rock' >Rock<\/option><option value='Rock Fran\u00e7ais' >Rock Fran\u00e7ais<\/option><option value='Soul' >Soul<\/option><option value='Synth Pop' >Synth Pop<\/option><option value='Trip Hop' >Trip Hop<\/option><option value='Vari\u00e9t\u00e9' >Vari\u00e9t\u00e9<\/option><\/select><\/div><\/li><li id='field_1_3' class='gfield field_sublabel_below field_description_below gfield_visibility_visible' ><div class=\"ginput_container ginput_container_repeater-end\">\n<span class=\"gf_repeater_add\" tabindex='9'><img class=\"gf_repeater_add_default\" alt=\"+\" src=\"data:image\/gif;base64,R0lGODlhAQABAIAAAAAAAP\/\/\/yH5BAEAAAAALAAAAAABAAEAAAIBRAA7\"><\/span><span class=\"gf_repeater_remove\" tabindex='9'><img class=\"gf_repeater_remove_default\" alt=\"-\" src=\"data:image\/gif;base64,R0lGODlhAQABAIAAAAAAAP\/\/\/yH5BAEAAAAALAAAAAABAAEAAAIBRAA7\"><\/span><\/div><\/li><li id='field_1_9' class='gfield gfield_contains_required field_sublabel_below field_description_below gfield_visibility_visible' ><label class='gfield_label' for='input_1_9' >Votre message<span class='gfield_required'>*<\/span><\/label><div class='ginput_container ginput_container_textarea'><textarea name='input_9' id='input_1_9' class='textarea medium' tabindex='10'   aria-required=\"true\" aria-invalid=\"false\"   rows='10' cols='50'><\/textarea><\/div><\/li><li id='field_1_13' class='gfield field_sublabel_below field_description_below gfield_visibility_hidden' ><label class='gfield_label'  >S&#039;inscrire \u00e0 Verynews<\/label><div class='ginput_container ginput_container_checkbox'><ul class='gfield_checkbox' id='input_1_13'><li class='gchoice_1_13_1'>\n\t\t\t\t\t\t\t\t<input name='input_13.1' type='checkbox'  value='' checked='checked' id='choice_1_13_1' tabindex='11'  \/>\n\t\t\t\t\t\t\t\t<label for='choice_1_13_1' id='label_1_13_1'><\/label>\n\t\t\t\t\t\t\t<\/li><\/ul><\/div><\/li>\n                            <\/ul><\/div>\n        <div class='gform_footer left_label'> <span class=\"submit-span\"><input type='submit' id='gform_submit_button_1' class='gform_button button' value='Envoyer' tabindex='12' onclick='if(window[\"gf_submitting_1\"]){return false;}  window[\"gf_submitting_1\"]=true;  ' onkeypress='if( event.keyCode == 13 ){ if(window[\"gf_submitting_1\"]){return false;} window[\"gf_submitting_1\"]=true;  jQuery(\"#gform_1\").trigger(\"submit\",[true]); }' \/><\/span> \n            <input type='hidden' class='gform_hidden' name='is_submit_1' value='1' \/>\n            <input type='hidden' class='gform_hidden' name='gform_submit' value='1' \/>\n            \n            <input type='hidden' class='gform_hidden' name='gform_unique_id' value='' \/>\n            <input type='hidden' class='gform_hidden' name='state_1' value='WyJbXSIsImRmNmRkNzBiMjI4NTg0ZWNjNmU2YjA4Y2MwZjE1ZWFmIl0=' \/>\n            <input type='hidden' class='gform_hidden' name='gform_target_page_number_1' id='gform_target_page_number_1' value='0' \/>\n            <input type='hidden' class='gform_hidden' name='gform_source_page_number_1' id='gform_source_page_number_1' value='1' \/>\n            <input type='hidden' name='gform_field_values' value='' \/>\n            \n        <\/div>\n                        <\/form>\n                        <\/div><script type='text\/javascript'> if(typeof gf_global == 'undefined') var gf_global = {\"gf_currency_config\":{\"name\":\"Euro\",\"symbol_left\":\"\",\"symbol_right\":\"&#8364;\",\"symbol_padding\":\" \",\"thousand_separator\":\".\",\"decimal_separator\":\",\",\"decimals\":2},\"base_url\":\"https:\\\/\\\/verygroup.licornpreprod4.fr\\\/verypop\\\/wp-content\\\/plugins\\\/gravityforms\",\"number_formats\":[],\"spinnerUrl\":\"https:\\\/\\\/verygroup.licornpreprod4.fr\\\/verypop\\\/wp-content\\\/plugins\\\/gravityforms\\\/images\\\/spinner.gif\"};jQuery(document).bind('gform_post_render', function(event, formId, currentPage){if(formId == 1) {gf_global[\"number_formats\"][1] = {\"5\":{\"price\":false,\"value\":false},\"6\":{\"price\":false,\"value\":false},\"7\":{\"price\":false,\"value\":false},\"8\":{\"price\":false,\"value\":false},\"4\":{\"price\":false,\"value\":false},\"11\":{\"price\":false,\"value\":false},\"2\":{\"price\":false,\"value\":false},\"12\":{\"price\":false,\"value\":false},\"3\":{\"price\":false,\"value\":false},\"9\":{\"price\":false,\"value\":false},\"13\":{\"price\":false,\"value\":false}};if(window['jQuery']){if(!window['gf_form_conditional_logic'])window['gf_form_conditional_logic'] = new Array();window['gf_form_conditional_logic'][1] = { logic: { 13: {\"field\":{\"actionType\":\"show\",\"logicType\":\"all\",\"rules\":[{\"fieldId\":\"4\",\"operator\":\"is\",\"value\":\"Professionnel\"}]},\"nextButton\":null,\"section\":null} }, dependents: { 13: [13] }, animation: 0, defaults: {\"13\":[\"choice_1_13_1\"]}, fields: {\"5\":[],\"6\":[],\"7\":[],\"8\":[],\"4\":[13],\"11\":[],\"2\":[],\"12\":[],\"3\":[],\"9\":[],\"13\":[]} }; if(!window['gf_number_format'])window['gf_number_format'] = 'decimal_comma';jQuery(document).ready(function(){gf_apply_rules(1, [13], true);jQuery('#gform_wrapper_1').show();jQuery(document).trigger('gform_post_conditional_logic', [1, null, true]);} );} if(typeof Placeholders != 'undefined'){\n                        Placeholders.enable();\n                    }} } );jQuery(document).bind('gform_post_conditional_logic', function(event, formId, fields, isInit){} );<\/script><script type='text\/javascript'> jQuery(document).ready(function(){jQuery(document).trigger('gform_post_render', [1, 1]) } ); <\/script>\n","protected":false},"excerpt":{"rendered":"<p>CHASSEUR DE TALENTS EN DEVENIR | ARTIST INCUBATOR<\/p>\n","protected":false},"author":1,"featured_media":0,"parent":0,"menu_order":0,"comment_status":"closed","ping_status":"closed","template":"","meta":[],"yoast_head":"<!-- This site is optimized with the Yoast SEO plugin v17.4 - https:\/\/yoast.com\/wordpress\/plugins\/seo\/ -->\n<title>Contact - Verypop - Artist incubator<\/title>\n<meta name=\"robots\" content=\"index, follow, max-snippet:-1, max-image-preview:large, max-video-preview:-1\" \/>\n<link rel=\"canonical\" href=\"https:\/\/verygroup.licornpreprod4.fr\/verypop\/contact\/\" \/>\n<meta property=\"og:locale\" content=\"fr_FR\" \/>\n<meta property=\"og:type\" content=\"article\" \/>\n<meta property=\"og:title\" content=\"Contact - Verypop - Artist incubator\" \/>\n<meta property=\"og:description\" content=\"CHASSEUR DE TALENTS EN DEVENIR | ARTIST INCUBATOR\" \/>\n<meta property=\"og:url\" content=\"https:\/\/verygroup.licornpreprod4.fr\/verypop\/contact\/\" \/>\n<meta property=\"og:site_name\" content=\"Verypop\" \/>\n<meta property=\"article:modified_time\" content=\"2017-10-31T14:21:56+00:00\" \/>\n<meta name=\"twitter:card\" content=\"summary\" \/>\n<script type=\"application\/ld+json\" class=\"yoast-schema-graph\">{\"@context\":\"https:\/\/schema.org\",\"@graph\":[{\"@type\":\"WebSite\",\"@id\":\"https:\/\/verygroup.licornpreprod4.fr\/verypop\/#website\",\"url\":\"https:\/\/verygroup.licornpreprod4.fr\/verypop\/\",\"name\":\"Verypop\",\"description\":\"Artist incubator\",\"potentialAction\":[{\"@type\":\"SearchAction\",\"target\":{\"@type\":\"EntryPoint\",\"urlTemplate\":\"https:\/\/verygroup.licornpreprod4.fr\/verypop\/?s={search_term_string}\"},\"query-input\":\"required name=search_term_string\"}],\"inLanguage\":\"fr-FR\"},{\"@type\":\"WebPage\",\"@id\":\"https:\/\/verygroup.licornpreprod4.fr\/verypop\/contact\/#webpage\",\"url\":\"https:\/\/verygroup.licornpreprod4.fr\/verypop\/contact\/\",\"name\":\"Contact - Verypop - Artist incubator\",\"isPartOf\":{\"@id\":\"https:\/\/verygroup.licornpreprod4.fr\/verypop\/#website\"},\"datePublished\":\"2017-07-29T14:43:37+00:00\",\"dateModified\":\"2017-10-31T14:21:56+00:00\",\"breadcrumb\":{\"@id\":\"https:\/\/verygroup.licornpreprod4.fr\/verypop\/contact\/#breadcrumb\"},\"inLanguage\":\"fr-FR\",\"potentialAction\":[{\"@type\":\"ReadAction\",\"target\":[\"https:\/\/verygroup.licornpreprod4.fr\/verypop\/contact\/\"]}]},{\"@type\":\"BreadcrumbList\",\"@id\":\"https:\/\/verygroup.licornpreprod4.fr\/verypop\/contact\/#breadcrumb\",\"itemListElement\":[{\"@type\":\"ListItem\",\"position\":1,\"name\":\"Accueil\",\"item\":\"https:\/\/verygroup.licornpreprod4.fr\/verypop\/\"},{\"@type\":\"ListItem\",\"position\":2,\"name\":\"Contact\"}]}]}<\/script>\n<!-- \/ Yoast SEO plugin. -->","yoast_head_json":{"title":"Contact - Verypop - Artist incubator","robots":{"index":"index","follow":"follow","max-snippet":"max-snippet:-1","max-image-preview":"max-image-preview:large","max-video-preview":"max-video-preview:-1"},"canonical":"https:\/\/verygroup.licornpreprod4.fr\/verypop\/contact\/","og_locale":"fr_FR","og_type":"article","og_title":"Contact - Verypop - Artist incubator","og_description":"CHASSEUR DE TALENTS EN DEVENIR | ARTIST INCUBATOR","og_url":"https:\/\/verygroup.licornpreprod4.fr\/verypop\/contact\/","og_site_name":"Verypop","article_modified_time":"2017-10-31T14:21:56+00:00","twitter_card":"summary","schema":{"@context":"https:\/\/schema.org","@graph":[{"@type":"WebSite","@id":"https:\/\/verygroup.licornpreprod4.fr\/verypop\/#website","url":"https:\/\/verygroup.licornpreprod4.fr\/verypop\/","name":"Verypop","description":"Artist incubator","potentialAction":[{"@type":"SearchAction","target":{"@type":"EntryPoint","urlTemplate":"https:\/\/verygroup.licornpreprod4.fr\/verypop\/?s={search_term_string}"},"query-input":"required name=search_term_string"}],"inLanguage":"fr-FR"},{"@type":"WebPage","@id":"https:\/\/verygroup.licornpreprod4.fr\/verypop\/contact\/#webpage","url":"https:\/\/verygroup.licornpreprod4.fr\/verypop\/contact\/","name":"Contact - Verypop - Artist incubator","isPartOf":{"@id":"https:\/\/verygroup.licornpreprod4.fr\/verypop\/#website"},"datePublished":"2017-07-29T14:43:37+00:00","dateModified":"2017-10-31T14:21:56+00:00","breadcrumb":{"@id":"https:\/\/verygroup.licornpreprod4.fr\/verypop\/contact\/#breadcrumb"},"inLanguage":"fr-FR","potentialAction":[{"@type":"ReadAction","target":["https:\/\/verygroup.licornpreprod4.fr\/verypop\/contact\/"]}]},{"@type":"BreadcrumbList","@id":"https:\/\/verygroup.licornpreprod4.fr\/verypop\/contact\/#breadcrumb","itemListElement":[{"@type":"ListItem","position":1,"name":"Accueil","item":"https:\/\/verygroup.licornpreprod4.fr\/verypop\/"},{"@type":"ListItem","position":2,"name":"Contact"}]}]}},"_links":{"self":[{"href":"https:\/\/verygroup.licornpreprod4.fr\/verypop\/wp-json\/wp\/v2\/pages\/15"}],"collection":[{"href":"https:\/\/verygroup.licornpreprod4.fr\/verypop\/wp-json\/wp\/v2\/pages"}],"about":[{"href":"https:\/\/verygroup.licornpreprod4.fr\/verypop\/wp-json\/wp\/v2\/types\/page"}],"author":[{"embeddable":true,"href":"https:\/\/verygroup.licornpreprod4.fr\/verypop\/wp-json\/wp\/v2\/users\/1"}],"replies":[{"embeddable":true,"href":"https:\/\/verygroup.licornpreprod4.fr\/verypop\/wp-json\/wp\/v2\/comments?post=15"}],"version-history":[{"count":4,"href":"https:\/\/verygroup.licornpreprod4.fr\/verypop\/wp-json\/wp\/v2\/pages\/15\/revisions"}],"predecessor-version":[{"id":126,"href":"https:\/\/verygroup.licornpreprod4.fr\/verypop\/wp-json\/wp\/v2\/pages\/15\/revisions\/126"}],"wp:attachment":[{"href":"https:\/\/verygroup.licornpreprod4.fr\/verypop\/wp-json\/wp\/v2\/media?parent=15"}],"curies":[{"name":"wp","href":"https:\/\/api.w.org\/{rel}","templated":true}]}}